{"id":922,"date":"2025-03-05T17:26:25","date_gmt":"2025-03-05T17:26:25","guid":{"rendered":"https:\/\/anglavippor.com\/?post_type=product&#038;p=922"},"modified":"2026-02-01T14:55:25","modified_gmt":"2026-02-01T14:55:25","slug":"skruv","status":"publish","type":"product","link":"https:\/\/anglavippor.com\/sv_se\/product\/skruv\/","title":{"rendered":"SKRUV"},"content":{"rendered":"","protected":false},"excerpt":{"rendered":"<p>Kattens favoritleksak. Elastisk skruv. Cirkam\u00e5tt 4,5-5,5 x 2-2,5cm i ihopdraget tillst\u00e5nd. Kan variera n\u00e5got.<\/p>\n<p>Styckpris 1 \/7 kr styck, 4\/5 kr styck, 20\/3 kr styck<\/p>\n","protected":false},"featured_media":923,"comment_status":"open","ping_status":"closed","template":"","meta":[],"product_brand":[],"product_cat":[20],"product_tag":[],"class_list":{"0":"post-922","1":"product","2":"type-product","3":"status-publish","4":"has-post-thumbnail","6":"product_cat-leksaker","8":"first","9":"instock","10":"sale","11":"taxable","12":"shipping-taxable","13":"purchasable","14":"product-type-variable"},"_links":{"self":[{"href":"https:\/\/anglavippor.com\/sv_se\/wp-json\/wp\/v2\/product\/922","targetHints":{"allow":["GET"]}}],"collection":[{"href":"https:\/\/anglavippor.com\/sv_se\/wp-json\/wp\/v2\/product"}],"about":[{"href":"https:\/\/anglavippor.com\/sv_se\/wp-json\/wp\/v2\/types\/product"}],"replies":[{"embeddable":true,"href":"https:\/\/anglavippor.com\/sv_se\/wp-json\/wp\/v2\/comments?post=922"}],"wp:featuredmedia":[{"embeddable":true,"href":"https:\/\/anglavippor.com\/sv_se\/wp-json\/wp\/v2\/media\/923"}],"wp:attachment":[{"href":"https:\/\/anglavippor.com\/sv_se\/wp-json\/wp\/v2\/media?parent=922"}],"wp:term":[{"taxonomy":"product_brand","embeddable":true,"href":"https:\/\/anglavippor.com\/sv_se\/wp-json\/wp\/v2\/product_brand?post=922"},{"taxonomy":"product_cat","embeddable":true,"href":"https:\/\/anglavippor.com\/sv_se\/wp-json\/wp\/v2\/product_cat?post=922"},{"taxonomy":"product_tag","embeddable":true,"href":"https:\/\/anglavippor.com\/sv_se\/wp-json\/wp\/v2\/product_tag?post=922"}],"curies":[{"name":"wp","href":"https:\/\/api.w.org\/{rel}","templated":true}]}}