{"id":728,"date":"2025-03-03T18:52:32","date_gmt":"2025-03-03T18:52:32","guid":{"rendered":"https:\/\/anglavippor.com\/?post_type=product&#038;p=728"},"modified":"2025-07-11T13:33:20","modified_gmt":"2025-07-11T13:33:20","slug":"palsskrapa-gummi","status":"publish","type":"product","link":"https:\/\/anglavippor.com\/sv_se\/product\/palsskrapa-gummi\/","title":{"rendered":"P\u00c4LSSKRAPA  &#8211; gummi"},"content":{"rendered":"","protected":false},"excerpt":{"rendered":"<p>Ska fungera b\u00e5de till m\u00f6bler, kl\u00e4der och p\u00e5 den korth\u00e5riga katten.<\/p>\n","protected":false},"featured_media":730,"comment_status":"open","ping_status":"closed","template":"","meta":[],"product_brand":[],"product_cat":[15],"product_tag":[],"class_list":{"0":"post-728","1":"product","2":"type-product","3":"status-publish","4":"has-post-thumbnail","6":"product_cat-ovrigt-2","8":"first","9":"instock","10":"taxable","11":"shipping-taxable","12":"purchasable","13":"product-type-simple"},"_links":{"self":[{"href":"https:\/\/anglavippor.com\/sv_se\/wp-json\/wp\/v2\/product\/728","targetHints":{"allow":["GET"]}}],"collection":[{"href":"https:\/\/anglavippor.com\/sv_se\/wp-json\/wp\/v2\/product"}],"about":[{"href":"https:\/\/anglavippor.com\/sv_se\/wp-json\/wp\/v2\/types\/product"}],"replies":[{"embeddable":true,"href":"https:\/\/anglavippor.com\/sv_se\/wp-json\/wp\/v2\/comments?post=728"}],"wp:featuredmedia":[{"embeddable":true,"href":"https:\/\/anglavippor.com\/sv_se\/wp-json\/wp\/v2\/media\/730"}],"wp:attachment":[{"href":"https:\/\/anglavippor.com\/sv_se\/wp-json\/wp\/v2\/media?parent=728"}],"wp:term":[{"taxonomy":"product_brand","embeddable":true,"href":"https:\/\/anglavippor.com\/sv_se\/wp-json\/wp\/v2\/product_brand?post=728"},{"taxonomy":"product_cat","embeddable":true,"href":"https:\/\/anglavippor.com\/sv_se\/wp-json\/wp\/v2\/product_cat?post=728"},{"taxonomy":"product_tag","embeddable":true,"href":"https:\/\/anglavippor.com\/sv_se\/wp-json\/wp\/v2\/product_tag?post=728"}],"curies":[{"name":"wp","href":"https:\/\/api.w.org\/{rel}","templated":true}]}}