{"id":670,"date":"2025-03-03T15:35:12","date_gmt":"2025-03-03T15:35:12","guid":{"rendered":"https:\/\/anglavippor.com\/?post_type=product&#038;p=670"},"modified":"2025-09-11T16:18:29","modified_gmt":"2025-09-11T16:18:29","slug":"anglavippa","status":"publish","type":"product","link":"https:\/\/anglavippor.com\/sv_se\/product\/anglavippa\/","title":{"rendered":"\u00c4NGLAVIPPA &#8211; specialbest\u00e4llning"},"content":{"rendered":"","protected":false},"excerpt":{"rendered":"<p>Den klassiska \u00c4nglavippan som allt startade med. Stark och f\u00f6ljsam vajer med p\u00e4rlor och h\u00e4nge i kaninskinn eller satinband. V\u00e4lj mellan detaljer i silver eller guld och ange \u00f6nskan om f\u00e4rger p\u00e5 p\u00e4rlor. Kan \u00e4ven f\u00e5s med text. Vissa begr\u00e4nsningar finns p\u00e5 bokst\u00e4ver och tecken.<br \/>\nVippan kan f\u00e5s i l\u00e4ngd 15-30cm. Ange \u00f6nskem\u00e5len i meddelanderutan vid utcheckning.<\/p>\n","protected":false},"featured_media":674,"comment_status":"open","ping_status":"closed","template":"","meta":[],"product_brand":[],"product_cat":[37],"product_tag":[],"class_list":{"0":"post-670","1":"product","2":"type-product","3":"status-publish","4":"has-post-thumbnail","6":"product_cat-vippor-ovrigt","8":"first","9":"instock","10":"taxable","11":"shipping-taxable","12":"purchasable","13":"product-type-simple"},"_links":{"self":[{"href":"https:\/\/anglavippor.com\/sv_se\/wp-json\/wp\/v2\/product\/670","targetHints":{"allow":["GET"]}}],"collection":[{"href":"https:\/\/anglavippor.com\/sv_se\/wp-json\/wp\/v2\/product"}],"about":[{"href":"https:\/\/anglavippor.com\/sv_se\/wp-json\/wp\/v2\/types\/product"}],"replies":[{"embeddable":true,"href":"https:\/\/anglavippor.com\/sv_se\/wp-json\/wp\/v2\/comments?post=670"}],"wp:featuredmedia":[{"embeddable":true,"href":"https:\/\/anglavippor.com\/sv_se\/wp-json\/wp\/v2\/media\/674"}],"wp:attachment":[{"href":"https:\/\/anglavippor.com\/sv_se\/wp-json\/wp\/v2\/media?parent=670"}],"wp:term":[{"taxonomy":"product_brand","embeddable":true,"href":"https:\/\/anglavippor.com\/sv_se\/wp-json\/wp\/v2\/product_brand?post=670"},{"taxonomy":"product_cat","embeddable":true,"href":"https:\/\/anglavippor.com\/sv_se\/wp-json\/wp\/v2\/product_cat?post=670"},{"taxonomy":"product_tag","embeddable":true,"href":"https:\/\/anglavippor.com\/sv_se\/wp-json\/wp\/v2\/product_tag?post=670"}],"curies":[{"name":"wp","href":"https:\/\/api.w.org\/{rel}","templated":true}]}}