{"id":583,"date":"2025-03-03T14:24:47","date_gmt":"2025-03-03T14:24:47","guid":{"rendered":"https:\/\/anglavippor.com\/?post_type=product&#038;p=583"},"modified":"2025-05-25T19:00:01","modified_gmt":"2025-05-25T19:00:01","slug":"skal-liten-krok","status":"publish","type":"product","link":"https:\/\/anglavippor.com\/sv_se\/product\/skal-liten-krok\/","title":{"rendered":"SK\u00c5L LITEN &#8211; krok"},"content":{"rendered":"","protected":false},"excerpt":{"rendered":"<p>F\u00f6r mat eller vatten. Rostfritt st\u00e5l. 9,5 cm 265 ml.<\/p>\n","protected":false},"featured_media":585,"comment_status":"open","ping_status":"closed","template":"","meta":[],"product_brand":[],"product_cat":[30],"product_tag":[],"class_list":{"0":"post-583","1":"product","2":"type-product","3":"status-publish","4":"has-post-thumbnail","6":"product_cat-utstallning","8":"first","9":"outofstock","10":"taxable","11":"shipping-taxable","12":"purchasable","13":"product-type-simple"},"_links":{"self":[{"href":"https:\/\/anglavippor.com\/sv_se\/wp-json\/wp\/v2\/product\/583","targetHints":{"allow":["GET"]}}],"collection":[{"href":"https:\/\/anglavippor.com\/sv_se\/wp-json\/wp\/v2\/product"}],"about":[{"href":"https:\/\/anglavippor.com\/sv_se\/wp-json\/wp\/v2\/types\/product"}],"replies":[{"embeddable":true,"href":"https:\/\/anglavippor.com\/sv_se\/wp-json\/wp\/v2\/comments?post=583"}],"wp:featuredmedia":[{"embeddable":true,"href":"https:\/\/anglavippor.com\/sv_se\/wp-json\/wp\/v2\/media\/585"}],"wp:attachment":[{"href":"https:\/\/anglavippor.com\/sv_se\/wp-json\/wp\/v2\/media?parent=583"}],"wp:term":[{"taxonomy":"product_brand","embeddable":true,"href":"https:\/\/anglavippor.com\/sv_se\/wp-json\/wp\/v2\/product_brand?post=583"},{"taxonomy":"product_cat","embeddable":true,"href":"https:\/\/anglavippor.com\/sv_se\/wp-json\/wp\/v2\/product_cat?post=583"},{"taxonomy":"product_tag","embeddable":true,"href":"https:\/\/anglavippor.com\/sv_se\/wp-json\/wp\/v2\/product_tag?post=583"}],"curies":[{"name":"wp","href":"https:\/\/api.w.org\/{rel}","templated":true}]}}