{"id":560,"date":"2025-03-03T13:58:45","date_gmt":"2025-03-03T13:58:45","guid":{"rendered":"https:\/\/anglavippor.com\/?post_type=product&#038;p=560"},"modified":"2025-03-15T16:05:28","modified_gmt":"2025-03-15T16:05:28","slug":"nappar-for-stodmatning-2-pack","status":"publish","type":"product","link":"https:\/\/anglavippor.com\/sv_se\/product\/nappar-for-stodmatning-2-pack\/","title":{"rendered":"NAPPAR &#8211; f\u00f6r st\u00f6dmatning 2-pack"},"content":{"rendered":"","protected":false},"excerpt":{"rendered":"<p>Mjuka f\u00f6ljsamma nappar i tv\u00e5 l\u00e4ngder, f\u00f6r st\u00f6dmatning. Livsmedelklassat silikon. Anv\u00e4nds med Luer lock-sprutor. Kan \u00e4ven passa p\u00e5 vissa sm\u00e5 djurnappflaskor.<\/p>\n","protected":false},"featured_media":563,"comment_status":"open","ping_status":"closed","template":"","meta":[],"product_brand":[],"product_cat":[22],"product_tag":[],"class_list":{"0":"post-560","1":"product","2":"type-product","3":"status-publish","4":"has-post-thumbnail","6":"product_cat-kattvard","8":"first","9":"instock","10":"taxable","11":"shipping-taxable","12":"purchasable","13":"product-type-variable"},"_links":{"self":[{"href":"https:\/\/anglavippor.com\/sv_se\/wp-json\/wp\/v2\/product\/560","targetHints":{"allow":["GET"]}}],"collection":[{"href":"https:\/\/anglavippor.com\/sv_se\/wp-json\/wp\/v2\/product"}],"about":[{"href":"https:\/\/anglavippor.com\/sv_se\/wp-json\/wp\/v2\/types\/product"}],"replies":[{"embeddable":true,"href":"https:\/\/anglavippor.com\/sv_se\/wp-json\/wp\/v2\/comments?post=560"}],"wp:featuredmedia":[{"embeddable":true,"href":"https:\/\/anglavippor.com\/sv_se\/wp-json\/wp\/v2\/media\/563"}],"wp:attachment":[{"href":"https:\/\/anglavippor.com\/sv_se\/wp-json\/wp\/v2\/media?parent=560"}],"wp:term":[{"taxonomy":"product_brand","embeddable":true,"href":"https:\/\/anglavippor.com\/sv_se\/wp-json\/wp\/v2\/product_brand?post=560"},{"taxonomy":"product_cat","embeddable":true,"href":"https:\/\/anglavippor.com\/sv_se\/wp-json\/wp\/v2\/product_cat?post=560"},{"taxonomy":"product_tag","embeddable":true,"href":"https:\/\/anglavippor.com\/sv_se\/wp-json\/wp\/v2\/product_tag?post=560"}],"curies":[{"name":"wp","href":"https:\/\/api.w.org\/{rel}","templated":true}]}}