{"id":541,"date":"2025-03-03T12:46:36","date_gmt":"2025-03-03T12:46:36","guid":{"rendered":"https:\/\/anglavippor.com\/?post_type=product&#038;p=541"},"modified":"2025-09-10T06:10:55","modified_gmt":"2025-09-10T06:10:55","slug":"kaninskinnsboll-liten-fargad","status":"publish","type":"product","link":"https:\/\/anglavippor.com\/sv_se\/product\/kaninskinnsboll-liten-fargad\/","title":{"rendered":"KANINSKINNSBOLL &#8211; liten f\u00e4rgad"},"content":{"rendered":"","protected":false},"excerpt":{"rendered":"<p>Ca 8 cm. Dessa \u00e4r med \u00f6gla. Osorterade f\u00e4rger. F\u00e4rgar inte av sig. Vid utcheckningen kan du l\u00e4mna \u00f6nskem\u00e5l om f\u00e4rgskala s\u00e5 f\u00f6rs\u00f6ker jag uppfylla din \u00f6nskan.<\/p>\n","protected":false},"featured_media":880,"comment_status":"open","ping_status":"closed","template":"","meta":[],"product_brand":[],"product_cat":[26],"product_tag":[],"class_list":{"0":"post-541","1":"product","2":"type-product","3":"status-publish","4":"has-post-thumbnail","6":"product_cat-kaninskinn","8":"first","9":"instock","10":"taxable","11":"shipping-taxable","12":"purchasable","13":"product-type-variable"},"_links":{"self":[{"href":"https:\/\/anglavippor.com\/sv_se\/wp-json\/wp\/v2\/product\/541","targetHints":{"allow":["GET"]}}],"collection":[{"href":"https:\/\/anglavippor.com\/sv_se\/wp-json\/wp\/v2\/product"}],"about":[{"href":"https:\/\/anglavippor.com\/sv_se\/wp-json\/wp\/v2\/types\/product"}],"replies":[{"embeddable":true,"href":"https:\/\/anglavippor.com\/sv_se\/wp-json\/wp\/v2\/comments?post=541"}],"wp:featuredmedia":[{"embeddable":true,"href":"https:\/\/anglavippor.com\/sv_se\/wp-json\/wp\/v2\/media\/880"}],"wp:attachment":[{"href":"https:\/\/anglavippor.com\/sv_se\/wp-json\/wp\/v2\/media?parent=541"}],"wp:term":[{"taxonomy":"product_brand","embeddable":true,"href":"https:\/\/anglavippor.com\/sv_se\/wp-json\/wp\/v2\/product_brand?post=541"},{"taxonomy":"product_cat","embeddable":true,"href":"https:\/\/anglavippor.com\/sv_se\/wp-json\/wp\/v2\/product_cat?post=541"},{"taxonomy":"product_tag","embeddable":true,"href":"https:\/\/anglavippor.com\/sv_se\/wp-json\/wp\/v2\/product_tag?post=541"}],"curies":[{"name":"wp","href":"https:\/\/api.w.org\/{rel}","templated":true}]}}