{"id":519,"date":"2025-03-03T12:27:34","date_gmt":"2025-03-03T12:27:34","guid":{"rendered":"https:\/\/anglavippor.com\/?post_type=product&#038;p=519"},"modified":"2025-03-07T17:48:40","modified_gmt":"2025-03-07T17:48:40","slug":"gubbe-vobblande","status":"publish","type":"product","link":"https:\/\/anglavippor.com\/sv_se\/product\/gubbe-vobblande\/","title":{"rendered":"GUBBE &#8211; vobblande"},"content":{"rendered":"","protected":false},"excerpt":{"rendered":"<p>Vobblande gubbe som katterna spelar \u201dfotboll\u201d med. Metallkula f\u00e4st p\u00e5 insidan s\u00e5 att gubben alltid hamnar p\u00e5 rumpan igen. Osorterade f\u00e4rger och utseenden.<\/p>\n<p>Styckpris 1 styck\/10 kr, 5 styck\/7 kr, 10 styck\/5 kr<\/p>\n","protected":false},"featured_media":528,"comment_status":"open","ping_status":"closed","template":"","meta":[],"product_brand":[],"product_cat":[20],"product_tag":[],"class_list":{"0":"post-519","1":"product","2":"type-product","3":"status-publish","4":"has-post-thumbnail","6":"product_cat-leksaker","8":"first","9":"instock","10":"taxable","11":"shipping-taxable","12":"purchasable","13":"product-type-variable"},"_links":{"self":[{"href":"https:\/\/anglavippor.com\/sv_se\/wp-json\/wp\/v2\/product\/519","targetHints":{"allow":["GET"]}}],"collection":[{"href":"https:\/\/anglavippor.com\/sv_se\/wp-json\/wp\/v2\/product"}],"about":[{"href":"https:\/\/anglavippor.com\/sv_se\/wp-json\/wp\/v2\/types\/product"}],"replies":[{"embeddable":true,"href":"https:\/\/anglavippor.com\/sv_se\/wp-json\/wp\/v2\/comments?post=519"}],"wp:featuredmedia":[{"embeddable":true,"href":"https:\/\/anglavippor.com\/sv_se\/wp-json\/wp\/v2\/media\/528"}],"wp:attachment":[{"href":"https:\/\/anglavippor.com\/sv_se\/wp-json\/wp\/v2\/media?parent=519"}],"wp:term":[{"taxonomy":"product_brand","embeddable":true,"href":"https:\/\/anglavippor.com\/sv_se\/wp-json\/wp\/v2\/product_brand?post=519"},{"taxonomy":"product_cat","embeddable":true,"href":"https:\/\/anglavippor.com\/sv_se\/wp-json\/wp\/v2\/product_cat?post=519"},{"taxonomy":"product_tag","embeddable":true,"href":"https:\/\/anglavippor.com\/sv_se\/wp-json\/wp\/v2\/product_tag?post=519"}],"curies":[{"name":"wp","href":"https:\/\/api.w.org\/{rel}","templated":true}]}}