{"id":506,"date":"2025-03-03T12:08:54","date_gmt":"2025-03-03T12:08:54","guid":{"rendered":"https:\/\/anglavippor.com\/?post_type=product&#038;p=506"},"modified":"2025-12-09T19:18:37","modified_gmt":"2025-12-09T19:18:37","slug":"kattmyntaboll-med-hallare-3-extra-bollar","status":"publish","type":"product","link":"https:\/\/anglavippor.com\/sv_se\/product\/kattmyntaboll-med-hallare-3-extra-bollar\/","title":{"rendered":"KATTMYNTABOLL &#8211; med h\u00e5llare + 3 extra bollar."},"content":{"rendered":"","protected":false},"excerpt":{"rendered":"<p>5,5 CM.<\/p>\n<p>Klister p\u00e5 baksida f\u00f6r f\u00e4ste p\u00e5 v\u00e4gg, sk\u00e5p eller dylikt. Tre extra bollar f\u00f6r utbyte eller som extra leksaker medf\u00f6ljer. Osorterade f\u00e4rger.<\/p>\n","protected":false},"featured_media":507,"comment_status":"open","ping_status":"closed","template":"","meta":[],"product_brand":[],"product_cat":[20],"product_tag":[],"class_list":{"0":"post-506","1":"product","2":"type-product","3":"status-publish","4":"has-post-thumbnail","6":"product_cat-leksaker","8":"first","9":"instock","10":"taxable","11":"shipping-taxable","12":"purchasable","13":"product-type-simple"},"_links":{"self":[{"href":"https:\/\/anglavippor.com\/sv_se\/wp-json\/wp\/v2\/product\/506","targetHints":{"allow":["GET"]}}],"collection":[{"href":"https:\/\/anglavippor.com\/sv_se\/wp-json\/wp\/v2\/product"}],"about":[{"href":"https:\/\/anglavippor.com\/sv_se\/wp-json\/wp\/v2\/types\/product"}],"replies":[{"embeddable":true,"href":"https:\/\/anglavippor.com\/sv_se\/wp-json\/wp\/v2\/comments?post=506"}],"wp:featuredmedia":[{"embeddable":true,"href":"https:\/\/anglavippor.com\/sv_se\/wp-json\/wp\/v2\/media\/507"}],"wp:attachment":[{"href":"https:\/\/anglavippor.com\/sv_se\/wp-json\/wp\/v2\/media?parent=506"}],"wp:term":[{"taxonomy":"product_brand","embeddable":true,"href":"https:\/\/anglavippor.com\/sv_se\/wp-json\/wp\/v2\/product_brand?post=506"},{"taxonomy":"product_cat","embeddable":true,"href":"https:\/\/anglavippor.com\/sv_se\/wp-json\/wp\/v2\/product_cat?post=506"},{"taxonomy":"product_tag","embeddable":true,"href":"https:\/\/anglavippor.com\/sv_se\/wp-json\/wp\/v2\/product_tag?post=506"}],"curies":[{"name":"wp","href":"https:\/\/api.w.org\/{rel}","templated":true}]}}