{"id":503,"date":"2025-03-03T12:05:49","date_gmt":"2025-03-03T12:05:49","guid":{"rendered":"https:\/\/anglavippor.com\/?post_type=product&#038;p=503"},"modified":"2025-03-05T17:08:43","modified_gmt":"2025-03-05T17:08:43","slug":"kattungepaket","status":"publish","type":"product","link":"https:\/\/anglavippor.com\/sv_se\/product\/kattungepaket\/","title":{"rendered":"KATTUNGEPAKET"},"content":{"rendered":"","protected":false},"excerpt":{"rendered":"<p>Blandade leksaker till t.ex. kattungar. Tuggpinne matatabi, liten kaninskinnsboll, leksaker. Organzap\u00e5se i beige eller ljusbl\u00e5. F\u00e4rgerna p\u00e5 leksakerna i p\u00e5sarna varierar men f\u00f6rs\u00f6ker vara f\u00e4rgmatchade i varje p\u00e5se. Samma inneh\u00e5ll i varje p\u00e5se f\u00f6rutom f\u00e4rgm\u00e4ssigt.<\/p>\n<p>V\u00c4RDE 150 KR.<\/p>\n","protected":false},"featured_media":911,"comment_status":"open","ping_status":"closed","template":"","meta":[],"product_brand":[],"product_cat":[20],"product_tag":[],"class_list":{"0":"post-503","1":"product","2":"type-product","3":"status-publish","4":"has-post-thumbnail","6":"product_cat-leksaker","8":"first","9":"instock","10":"taxable","11":"shipping-taxable","12":"purchasable","13":"product-type-variable"},"_links":{"self":[{"href":"https:\/\/anglavippor.com\/sv_se\/wp-json\/wp\/v2\/product\/503","targetHints":{"allow":["GET"]}}],"collection":[{"href":"https:\/\/anglavippor.com\/sv_se\/wp-json\/wp\/v2\/product"}],"about":[{"href":"https:\/\/anglavippor.com\/sv_se\/wp-json\/wp\/v2\/types\/product"}],"replies":[{"embeddable":true,"href":"https:\/\/anglavippor.com\/sv_se\/wp-json\/wp\/v2\/comments?post=503"}],"wp:featuredmedia":[{"embeddable":true,"href":"https:\/\/anglavippor.com\/sv_se\/wp-json\/wp\/v2\/media\/911"}],"wp:attachment":[{"href":"https:\/\/anglavippor.com\/sv_se\/wp-json\/wp\/v2\/media?parent=503"}],"wp:term":[{"taxonomy":"product_brand","embeddable":true,"href":"https:\/\/anglavippor.com\/sv_se\/wp-json\/wp\/v2\/product_brand?post=503"},{"taxonomy":"product_cat","embeddable":true,"href":"https:\/\/anglavippor.com\/sv_se\/wp-json\/wp\/v2\/product_cat?post=503"},{"taxonomy":"product_tag","embeddable":true,"href":"https:\/\/anglavippor.com\/sv_se\/wp-json\/wp\/v2\/product_tag?post=503"}],"curies":[{"name":"wp","href":"https:\/\/api.w.org\/{rel}","templated":true}]}}