{"id":486,"date":"2025-03-03T11:20:37","date_gmt":"2025-03-03T11:20:37","guid":{"rendered":"https:\/\/anglavippor.com\/?post_type=product&#038;p=486"},"modified":"2025-06-03T10:26:49","modified_gmt":"2025-06-03T10:26:49","slug":"vippa-utdragbar-med-kaninskinn-och-fjadrar","status":"publish","type":"product","link":"https:\/\/anglavippor.com\/sv_se\/product\/vippa-utdragbar-med-kaninskinn-och-fjadrar\/","title":{"rendered":"VIPPA &#8211; utdragbar med kaninskinn och fj\u00e4drar"},"content":{"rendered":"","protected":false},"excerpt":{"rendered":"<p>Cirka 49-106 cm. Utdragbar till ca 1 meter. Osorterade f\u00e4rger, ljus eller m\u00f6rk naturf\u00e4rg.<\/p>\n","protected":false},"featured_media":488,"comment_status":"open","ping_status":"closed","template":"","meta":[],"product_brand":[],"product_cat":[37],"product_tag":[],"class_list":{"0":"post-486","1":"product","2":"type-product","3":"status-publish","4":"has-post-thumbnail","6":"product_cat-vippor-ovrigt","8":"first","9":"instock","10":"taxable","11":"shipping-taxable","12":"purchasable","13":"product-type-simple"},"_links":{"self":[{"href":"https:\/\/anglavippor.com\/sv_se\/wp-json\/wp\/v2\/product\/486","targetHints":{"allow":["GET"]}}],"collection":[{"href":"https:\/\/anglavippor.com\/sv_se\/wp-json\/wp\/v2\/product"}],"about":[{"href":"https:\/\/anglavippor.com\/sv_se\/wp-json\/wp\/v2\/types\/product"}],"replies":[{"embeddable":true,"href":"https:\/\/anglavippor.com\/sv_se\/wp-json\/wp\/v2\/comments?post=486"}],"wp:featuredmedia":[{"embeddable":true,"href":"https:\/\/anglavippor.com\/sv_se\/wp-json\/wp\/v2\/media\/488"}],"wp:attachment":[{"href":"https:\/\/anglavippor.com\/sv_se\/wp-json\/wp\/v2\/media?parent=486"}],"wp:term":[{"taxonomy":"product_brand","embeddable":true,"href":"https:\/\/anglavippor.com\/sv_se\/wp-json\/wp\/v2\/product_brand?post=486"},{"taxonomy":"product_cat","embeddable":true,"href":"https:\/\/anglavippor.com\/sv_se\/wp-json\/wp\/v2\/product_cat?post=486"},{"taxonomy":"product_tag","embeddable":true,"href":"https:\/\/anglavippor.com\/sv_se\/wp-json\/wp\/v2\/product_tag?post=486"}],"curies":[{"name":"wp","href":"https:\/\/api.w.org\/{rel}","templated":true}]}}