{"id":1572,"date":"2025-04-29T08:21:33","date_gmt":"2025-04-29T08:21:33","guid":{"rendered":"https:\/\/anglavippor.com\/?post_type=product&#038;p=1572"},"modified":"2026-03-13T10:23:59","modified_gmt":"2026-03-13T10:23:59","slug":"tuggpinne-kattgras","status":"publish","type":"product","link":"https:\/\/anglavippor.com\/sv_se\/product\/tuggpinne-kattgras\/","title":{"rendered":"TUGGPINNE &#8211; Kattgr\u00e4s"},"content":{"rendered":"","protected":false},"excerpt":{"rendered":"<p>Hj\u00e4lper till att rena mellan t\u00e4nderna samt underl\u00e4ttar f\u00f6r katten att f\u00e5 upp h\u00e5rbollar. 30g. En p\u00e5se inneh\u00e5ller 6 pinnar. Rekommenderar att ge varje katt 1\/4 &#8211; 1\/2 pinne om dagen f\u00f6r b\u00e4ttre tandh\u00e4lsa och andedr\u00e4kt.<\/p>\n<p><strong>K\u00f6p 5 p\u00e5sar och f\u00e5 2 extra p\u00e5sar GRATIS!<\/strong><\/p>\n","protected":false},"featured_media":1573,"comment_status":"open","ping_status":"closed","template":"","meta":[],"product_brand":[],"product_cat":[22],"product_tag":[],"class_list":{"0":"post-1572","1":"product","2":"type-product","3":"status-publish","4":"has-post-thumbnail","6":"product_cat-kattvard","8":"first","9":"instock","10":"taxable","11":"shipping-taxable","12":"purchasable","13":"product-type-simple"},"_links":{"self":[{"href":"https:\/\/anglavippor.com\/sv_se\/wp-json\/wp\/v2\/product\/1572","targetHints":{"allow":["GET"]}}],"collection":[{"href":"https:\/\/anglavippor.com\/sv_se\/wp-json\/wp\/v2\/product"}],"about":[{"href":"https:\/\/anglavippor.com\/sv_se\/wp-json\/wp\/v2\/types\/product"}],"replies":[{"embeddable":true,"href":"https:\/\/anglavippor.com\/sv_se\/wp-json\/wp\/v2\/comments?post=1572"}],"wp:featuredmedia":[{"embeddable":true,"href":"https:\/\/anglavippor.com\/sv_se\/wp-json\/wp\/v2\/media\/1573"}],"wp:attachment":[{"href":"https:\/\/anglavippor.com\/sv_se\/wp-json\/wp\/v2\/media?parent=1572"}],"wp:term":[{"taxonomy":"product_brand","embeddable":true,"href":"https:\/\/anglavippor.com\/sv_se\/wp-json\/wp\/v2\/product_brand?post=1572"},{"taxonomy":"product_cat","embeddable":true,"href":"https:\/\/anglavippor.com\/sv_se\/wp-json\/wp\/v2\/product_cat?post=1572"},{"taxonomy":"product_tag","embeddable":true,"href":"https:\/\/anglavippor.com\/sv_se\/wp-json\/wp\/v2\/product_tag?post=1572"}],"curies":[{"name":"wp","href":"https:\/\/api.w.org\/{rel}","templated":true}]}}