{"id":207,"date":"2025-02-14T18:17:47","date_gmt":"2025-02-14T18:17:47","guid":{"rendered":"https:\/\/anglavippor.com\/?page_id=207"},"modified":"2025-06-24T09:48:47","modified_gmt":"2025-06-24T09:48:47","slug":"om-oss","status":"publish","type":"page","link":"https:\/\/anglavippor.com\/sv_se\/om-oss\/","title":{"rendered":"KONTAKT"},"content":{"rendered":"<p><strong>Kontaktuppgifter<\/strong>:<\/p>\n<p>\u00c4NGLAVIPPOR<br \/>Tigerlilja Libenhed<br \/>Vadstenagatan 10<br \/>596 31 SK\u00c4NNINGE<br \/>0761-913913<br \/>support@anglavippor.com<\/p>\n<p>F-skattesedel<br \/>Momsregistrerad<\/p>\n\n\n<p><strong>Kontakta oss g\u00e4rna om du har fr\u00e5gor, st\u00f6rre best\u00e4llningar eller vill boka in oss till kattutst\u00e4llning, m\u00e4ssa, marknad eller liknande.<\/strong><\/p>\n","protected":false},"excerpt":{"rendered":"<p>Kontaktuppgifter: \u00c4NGLAVIPPORTigerlilja LibenhedVadstenagatan 10596 31 SK\u00c4NNINGE0761-913913support@anglavippor.com F-skattesedelMomsregistrerad Kontakta oss g\u00e4rna om du har fr\u00e5gor, st\u00f6rre best\u00e4llningar eller vill boka in oss till kattutst\u00e4llning, m\u00e4ssa, marknad eller liknande.<\/p>\n","protected":false},"author":1,"featured_media":0,"parent":0,"menu_order":0,"comment_status":"closed","ping_status":"closed","template":"","meta":{"footnotes":""},"class_list":["post-207","page","type-page","status-publish","hentry"],"_links":{"self":[{"href":"https:\/\/anglavippor.com\/sv_se\/wp-json\/wp\/v2\/pages\/207","targetHints":{"allow":["GET"]}}],"collection":[{"href":"https:\/\/anglavippor.com\/sv_se\/wp-json\/wp\/v2\/pages"}],"about":[{"href":"https:\/\/anglavippor.com\/sv_se\/wp-json\/wp\/v2\/types\/page"}],"author":[{"embeddable":true,"href":"https:\/\/anglavippor.com\/sv_se\/wp-json\/wp\/v2\/users\/1"}],"replies":[{"embeddable":true,"href":"https:\/\/anglavippor.com\/sv_se\/wp-json\/wp\/v2\/comments?post=207"}],"version-history":[{"count":15,"href":"https:\/\/anglavippor.com\/sv_se\/wp-json\/wp\/v2\/pages\/207\/revisions"}],"predecessor-version":[{"id":1607,"href":"https:\/\/anglavippor.com\/sv_se\/wp-json\/wp\/v2\/pages\/207\/revisions\/1607"}],"wp:attachment":[{"href":"https:\/\/anglavippor.com\/sv_se\/wp-json\/wp\/v2\/media?parent=207"}],"curies":[{"name":"wp","href":"https:\/\/api.w.org\/{rel}","templated":true}]}}