{"id":763,"date":"2025-03-03T20:41:08","date_gmt":"2025-03-03T20:41:08","guid":{"rendered":"https:\/\/anglavippor.com\/?post_type=product&#038;p=763"},"modified":"2025-04-29T08:17:11","modified_gmt":"2025-04-29T08:17:11","slug":"vippa-fasanfjader-2","status":"publish","type":"product","link":"https:\/\/anglavippor.com\/en\/product\/vippa-fasanfjader-2\/","title":{"rendered":"PHAESANT"},"content":{"rendered":"","protected":false},"excerpt":{"rendered":"<p>Handle 31 cm, total 60 cm. Unsorted colors. IF ORDERED OUTSIDE SWEDEN, ITS FOLDED A BIT.<\/p>\n<p>VID BEST\u00c4LLNING UTANF\u00d6R SVERIGE S\u00c5 VIKS VIPPAN I TOPPEN.<\/p>","protected":false},"featured_media":766,"comment_status":"open","ping_status":"closed","template":"","meta":[],"product_brand":[],"product_cat":[37],"product_tag":[],"class_list":{"0":"post-763","1":"product","2":"type-product","3":"status-publish","4":"has-post-thumbnail","6":"product_cat-vippor-ovrigt","8":"first","9":"instock","10":"sale","11":"taxable","12":"shipping-taxable","13":"purchasable","14":"product-type-simple"},"_links":{"self":[{"href":"https:\/\/anglavippor.com\/en\/wp-json\/wp\/v2\/product\/763","targetHints":{"allow":["GET"]}}],"collection":[{"href":"https:\/\/anglavippor.com\/en\/wp-json\/wp\/v2\/product"}],"about":[{"href":"https:\/\/anglavippor.com\/en\/wp-json\/wp\/v2\/types\/product"}],"replies":[{"embeddable":true,"href":"https:\/\/anglavippor.com\/en\/wp-json\/wp\/v2\/comments?post=763"}],"wp:featuredmedia":[{"embeddable":true,"href":"https:\/\/anglavippor.com\/en\/wp-json\/wp\/v2\/media\/766"}],"wp:attachment":[{"href":"https:\/\/anglavippor.com\/en\/wp-json\/wp\/v2\/media?parent=763"}],"wp:term":[{"taxonomy":"product_brand","embeddable":true,"href":"https:\/\/anglavippor.com\/en\/wp-json\/wp\/v2\/product_brand?post=763"},{"taxonomy":"product_cat","embeddable":true,"href":"https:\/\/anglavippor.com\/en\/wp-json\/wp\/v2\/product_cat?post=763"},{"taxonomy":"product_tag","embeddable":true,"href":"https:\/\/anglavippor.com\/en\/wp-json\/wp\/v2\/product_tag?post=763"}],"curies":[{"name":"wp","href":"https:\/\/api.w.org\/{rel}","templated":true}]}}