{"id":670,"date":"2025-03-03T15:35:12","date_gmt":"2025-03-03T15:35:12","guid":{"rendered":"https:\/\/anglavippor.com\/?post_type=product&#038;p=670"},"modified":"2025-09-11T16:18:29","modified_gmt":"2025-09-11T16:18:29","slug":"anglavippa","status":"publish","type":"product","link":"https:\/\/anglavippor.com\/en\/product\/anglavippa\/","title":{"rendered":"\u00c4NGLAVIPPA - special order"},"content":{"rendered":"","protected":false},"excerpt":{"rendered":"<p>The classic \u00c4NGLAVIPPA that started it all. Strong and flexible wire with beads and a pendant in rabbit fur or satin ribbon. Choose between details in silver or gold and specify the desired color of beads. Can also be made with text. There are some restrictions on letters and characters.<br \/>\nVippan kan f\u00e5s i l\u00e4ngd 15-30cm. Ange \u00f6nskem\u00e5len i meddelanderutan vid utcheckning.<\/p>","protected":false},"featured_media":674,"comment_status":"open","ping_status":"closed","template":"","meta":[],"product_brand":[],"product_cat":[37],"product_tag":[],"class_list":{"0":"post-670","1":"product","2":"type-product","3":"status-publish","4":"has-post-thumbnail","6":"product_cat-vippor-ovrigt","8":"first","9":"instock","10":"taxable","11":"shipping-taxable","12":"purchasable","13":"product-type-simple"},"_links":{"self":[{"href":"https:\/\/anglavippor.com\/en\/wp-json\/wp\/v2\/product\/670","targetHints":{"allow":["GET"]}}],"collection":[{"href":"https:\/\/anglavippor.com\/en\/wp-json\/wp\/v2\/product"}],"about":[{"href":"https:\/\/anglavippor.com\/en\/wp-json\/wp\/v2\/types\/product"}],"replies":[{"embeddable":true,"href":"https:\/\/anglavippor.com\/en\/wp-json\/wp\/v2\/comments?post=670"}],"wp:featuredmedia":[{"embeddable":true,"href":"https:\/\/anglavippor.com\/en\/wp-json\/wp\/v2\/media\/674"}],"wp:attachment":[{"href":"https:\/\/anglavippor.com\/en\/wp-json\/wp\/v2\/media?parent=670"}],"wp:term":[{"taxonomy":"product_brand","embeddable":true,"href":"https:\/\/anglavippor.com\/en\/wp-json\/wp\/v2\/product_brand?post=670"},{"taxonomy":"product_cat","embeddable":true,"href":"https:\/\/anglavippor.com\/en\/wp-json\/wp\/v2\/product_cat?post=670"},{"taxonomy":"product_tag","embeddable":true,"href":"https:\/\/anglavippor.com\/en\/wp-json\/wp\/v2\/product_tag?post=670"}],"curies":[{"name":"wp","href":"https:\/\/api.w.org\/{rel}","templated":true}]}}